{"id":30,"date":"2021-08-01T20:29:48","date_gmt":"2021-08-01T17:29:48","guid":{"rendered":"http:\/\/studyoweb.com\/armadan1\/?page_id=30"},"modified":"2025-12-06T21:09:16","modified_gmt":"2025-12-06T18:09:16","slug":"iletisim","status":"publish","type":"page","link":"https:\/\/aps-log.com\/en\/kurumsal\/iletisim\/","title":{"rendered":"CONTACT US"},"content":{"rendered":"<p>[vc_row][vc_column][vc_row_inner][vc_column_inner width=&#8221;1\/3&#8243; css=&#8221;.vc_custom_1630363590781{padding-bottom: 50px !important;}&#8221;][vc_column_text]<\/p>\n<div class=\"inner-page-title\">HEAD OFFICE \/ \u0130ZM\u0130R \/ TURKEY<\/div>\n<div class=\"inner-page-text\">APS Port Services &amp; Logistics INC.<\/div>\n<p>[\/vc_column_text][vc_column_text css=&#8221;.vc_custom_1630362528308{padding-top: 25px !important;}&#8221;]<iframe loading=\"lazy\" style=\"border: 0;\" src=\"https:\/\/www.google.com\/maps\/embed?pb=!1m14!1m8!1m3!1d12499.923622625147!2d27.144647!3d38.44191!3m2!1i1024!2i768!4f13.1!3m3!1m2!1s0x0%3A0x2a0ed690f8cb5784!2sArmadan%20Port%20Services%20%26%20Logistics%20LTD.!5e0!3m2!1str!2str!4v1628820455918!5m2!1str!2str\" width=\"100%\" height=\"450\" allowfullscreen=\"allowfullscreen\"><\/iframe>[\/vc_column_text][vc_column_text css=&#8221;.vc_custom_1734397392458{padding-top: 25px !important;}&#8221;]<strong>Tel:<\/strong> +90 (232) 504 19 64 (PBX)<\/p>\n<p><strong>Fax:<\/strong> +90 (232) 463 64 76<\/p>\n<p><strong>E-Mail:<\/strong> info@aps-log.com<\/p>\n<p><strong>Address:<\/strong> 1476 Sok. No:7 Kat:6\/601 Sevil 1 \u0130\u015f Merkezi 35220 Alsancak &#8211; \u0130zmir \/ TURKEY[\/vc_column_text][\/vc_column_inner][vc_column_inner width=&#8221;1\/3&#8243; css=&#8221;.vc_custom_1630363595366{padding-bottom: 50px !important;}&#8221;][vc_column_text]<\/p>\n<div class=\"inner-page-title\">\u0130ZM\u0130T \/ TURKEY<\/div>\n<div class=\"inner-page-text\">APS Port Services &amp; Logistics INC.<\/div>\n<p>[\/vc_column_text][vc_column_text css=&#8221;.vc_custom_1660742276708{padding-top: 25px !important;}&#8221;]<iframe loading=\"lazy\" style=\"border: 0;\" src=\"https:\/\/www.google.com\/maps\/embed?pb=!1m18!1m12!1m3!1d17593.002037307746!2d29.736512040813903!3d40.77310453965982!2m3!1f0!2f0!3f0!3m2!1i1024!2i768!4f13.1!3m3!1m2!1s0x0%3A0x1c20f5039bd0d091!2zNDDCsDQ2JzE1LjMiTiAyOcKwNDQnNDMuMSJF!5e0!3m2!1str!2str!4v1660742225470!5m2!1str!2str\" width=\"100%\" height=\"450\" allowfullscreen=\"allowfullscreen\"><\/iframe>[\/vc_column_text][vc_column_text css=&#8221;.vc_custom_1765044548959{padding-top: 25px !important;}&#8221;]<strong>Tel:<\/strong> +90 (262) 332 14 44<\/p>\n<p><strong>Fax:<\/strong> +90 (262) 332 14 43<\/p>\n<p><strong>E-Mail:<\/strong> operasyon@aps-log.com<\/p>\n<p><strong>Address:<\/strong> Mimar Sinan Mah. Dalbast\u0131 Sk. T\u00fcrk\u00f6z Park Sitesi A2 Blok No:1\/2 Kap\u0131 No: 22 K\u00f6rfez \u2013 Kocaeli \/ TURKEY[\/vc_column_text][\/vc_column_inner][vc_column_inner width=&#8221;1\/3&#8243;][vc_column_text]<\/p>\n<div class=\"inner-page-title\">USA OFFICE<\/div>\n<div class=\"inner-page-text\">APS Logistics Inc.<\/div>\n<p>[\/vc_column_text][vc_column_text css=&#8221;.vc_custom_1673429770541{padding-top: 25px !important;}&#8221;]<iframe loading=\"lazy\" style=\"border: 0;\" src=\"https:\/\/www.google.com\/maps\/embed?pb=!1m18!1m12!1m3!1d4396.815521730114!2d-73.99928008262484!3d40.79477561713193!2m3!1f0!2f0!3f0!3m2!1i1024!2i768!4f13.1!3m3!1m2!1s0x89c25877943027b9%3A0x9b9973d7eb4e1d2a!2s1%20Marine%20Plz.!5e0!3m2!1str!2str!4v1673429753725!5m2!1str!2str\" width=\"100%\" height=\"450\" allowfullscreen=\"allowfullscreen\"><\/iframe>[\/vc_column_text][vc_column_text css=&#8221;.vc_custom_1673429418168{padding-top: 25px !important;}&#8221;]<strong>D-U-N-S Number:<\/strong> 020284201<\/p>\n<p><strong>Tel:<\/strong> +1 201 246 35 70<\/p>\n<p><strong>Cell:<\/strong> +1 551 298 70 70<\/p>\n<p><strong>Fax:<\/strong> +1 973 925 60 93<\/p>\n<p><strong>E-Mail:<\/strong> ops@apsff.com<\/p>\n<p><strong>Address:<\/strong> One Marine Plaza Suite 209 North Bergen NJ 07047 USA[\/vc_column_text][\/vc_column_inner][\/vc_row_inner][\/vc_column][\/vc_row]<\/p>\n","protected":false},"excerpt":{"rendered":"<p>[vc_row][vc_column][vc_row_inner][vc_column_inner width=&#8221;1\/3&#8243; css=&#8221;.vc_custom_1630363590781{padding-bottom: 50px !important;}&#8221;][vc_column_text] HEAD OFFICE \/ \u0130ZM\u0130R \/ TURKEY APS Port Services &amp; Logistics INC. [\/vc_column_text][vc_column_text css=&#8221;.vc_custom_1630362528308{padding-top: 25px !important;}&#8221;][\/vc_column_text][vc_column_text css=&#8221;.vc_custom_1734397392458{padding-top: 25px !important;}&#8221;]Tel: +90 (232) 504 19 64 (PBX) Fax: +90 (232) 463 64 76 E-Mail: info@aps-log.com Address: 1476 Sok. No:7 Kat:6\/601 Sevil 1 \u0130\u015f Merkezi 35220 Alsancak &#8211; \u0130zmir \/ TURKEY[\/vc_column_text][\/vc_column_inner][vc_column_inner width=&#8221;1\/3&#8243; css=&#8221;.vc_custom_1630363595366{padding-bottom: [&hellip;]<\/p>\n","protected":false},"author":1,"featured_media":0,"parent":40,"menu_order":0,"comment_status":"closed","ping_status":"closed","template":"","meta":{"footnotes":""},"class_list":["post-30","page","type-page","status-publish","hentry"],"_links":{"self":[{"href":"https:\/\/aps-log.com\/en\/wp-json\/wp\/v2\/pages\/30","targetHints":{"allow":["GET"]}}],"collection":[{"href":"https:\/\/aps-log.com\/en\/wp-json\/wp\/v2\/pages"}],"about":[{"href":"https:\/\/aps-log.com\/en\/wp-json\/wp\/v2\/types\/page"}],"author":[{"embeddable":true,"href":"https:\/\/aps-log.com\/en\/wp-json\/wp\/v2\/users\/1"}],"replies":[{"embeddable":true,"href":"https:\/\/aps-log.com\/en\/wp-json\/wp\/v2\/comments?post=30"}],"version-history":[{"count":61,"href":"https:\/\/aps-log.com\/en\/wp-json\/wp\/v2\/pages\/30\/revisions"}],"predecessor-version":[{"id":894,"href":"https:\/\/aps-log.com\/en\/wp-json\/wp\/v2\/pages\/30\/revisions\/894"}],"up":[{"embeddable":true,"href":"https:\/\/aps-log.com\/en\/wp-json\/wp\/v2\/pages\/40"}],"wp:attachment":[{"href":"https:\/\/aps-log.com\/en\/wp-json\/wp\/v2\/media?parent=30"}],"curies":[{"name":"wp","href":"https:\/\/api.w.org\/{rel}","templated":true}]}}